{"id":29,"date":"2026-01-02T16:41:07","date_gmt":"2026-01-02T15:41:07","guid":{"rendered":"http:\/\/wp1185628.server-he.de\/?page_id=29"},"modified":"2026-02-08T20:29:38","modified_gmt":"2026-02-08T19:29:38","slug":"jugendfeuerwehr","status":"publish","type":"page","link":"https:\/\/www.feuerwehr-poppenhausen.de\/index.php\/jugendfeuerwehr\/","title":{"rendered":"Jugendfeuerwehr"},"content":{"rendered":"\n<p>Die Jugendfeuerwehr ist ein wichtiger Bestandteil der Freiwilligen Feuerwehr Poppenhausen und bildet seit vielen Jahren den Nachwuchs f\u00fcr unsere Einsatzabteilung aus.<br>Sie verbindet sinnvolle Freizeitgestaltung mit Teamgeist, Verantwortung und dem Erlernen grundlegender feuerwehr-technischer F\u00e4higkeiten.<\/p>\n\n\n\n<p>Unsere Jugendfeuerwehr besteht seit 1974. Seitdem werden Kinder und Jugendliche kontinuierlich an die Aufgaben der Feuerwehr herangef\u00fchrt \u2013 altersgerecht, sicher und mit dem notwendigen Ernst, aber immer mit Freude an der Sache.<\/p>\n\n\n\n<figure class=\"wp-block-gallery has-nested-images columns-default is-cropped wp-block-gallery-1 is-layout-flex wp-block-gallery-is-layout-flex\">\n<figure class=\"wp-block-image size-large\"><img loading=\"lazy\" decoding=\"async\" width=\"640\" height=\"480\" data-id=\"182\" src=\"http:\/\/www.feuerwehr-poppenhausen.de\/wp-content\/uploads\/2026\/01\/jf1.jpg\" alt=\"\" class=\"wp-image-182\" srcset=\"https:\/\/www.feuerwehr-poppenhausen.de\/wp-content\/uploads\/2026\/01\/jf1.jpg 640w, https:\/\/www.feuerwehr-poppenhausen.de\/wp-content\/uploads\/2026\/01\/jf1-300x225.jpg 300w\" sizes=\"auto, (max-width: 640px) 100vw, 640px\" \/><\/figure>\n\n\n\n<figure class=\"wp-block-image size-large\"><img loading=\"lazy\" decoding=\"async\" width=\"768\" height=\"432\" data-id=\"186\" src=\"http:\/\/www.feuerwehr-poppenhausen.de\/wp-content\/uploads\/2026\/01\/jf5.jpg\" alt=\"\" class=\"wp-image-186\" srcset=\"https:\/\/www.feuerwehr-poppenhausen.de\/wp-content\/uploads\/2026\/01\/jf5.jpg 768w, https:\/\/www.feuerwehr-poppenhausen.de\/wp-content\/uploads\/2026\/01\/jf5-300x169.jpg 300w\" sizes=\"auto, (max-width: 768px) 100vw, 768px\" \/><\/figure>\n\n\n\n<figure class=\"wp-block-image size-large\"><img loading=\"lazy\" decoding=\"async\" width=\"300\" height=\"225\" data-id=\"185\" src=\"http:\/\/www.feuerwehr-poppenhausen.de\/wp-content\/uploads\/2026\/01\/jf4.jpg\" alt=\"\" class=\"wp-image-185\"\/><\/figure>\n\n\n\n<figure class=\"wp-block-image size-large\"><img loading=\"lazy\" decoding=\"async\" width=\"768\" height=\"576\" data-id=\"184\" src=\"http:\/\/www.feuerwehr-poppenhausen.de\/wp-content\/uploads\/2026\/01\/jf3.jpeg\" alt=\"\" class=\"wp-image-184\" srcset=\"https:\/\/www.feuerwehr-poppenhausen.de\/wp-content\/uploads\/2026\/01\/jf3.jpeg 768w, https:\/\/www.feuerwehr-poppenhausen.de\/wp-content\/uploads\/2026\/01\/jf3-300x225.jpeg 300w\" sizes=\"auto, (max-width: 768px) 100vw, 768px\" \/><\/figure>\n\n\n\n<figure class=\"wp-block-image size-large\"><img loading=\"lazy\" decoding=\"async\" width=\"668\" height=\"681\" data-id=\"183\" src=\"http:\/\/www.feuerwehr-poppenhausen.de\/wp-content\/uploads\/2026\/01\/jf2.jpeg\" alt=\"\" class=\"wp-image-183\" srcset=\"https:\/\/www.feuerwehr-poppenhausen.de\/wp-content\/uploads\/2026\/01\/jf2.jpeg 668w, https:\/\/www.feuerwehr-poppenhausen.de\/wp-content\/uploads\/2026\/01\/jf2-294x300.jpeg 294w\" sizes=\"auto, (max-width: 668px) 100vw, 668px\" \/><\/figure>\n<\/figure>\n\n\n\n<p><strong>Was machen wir in der Jugendfeuerwehr?<\/strong><\/p>\n\n\n\n<p>Bei den regelm\u00e4\u00dfigen Treffen lernen die Jugendlichen unter anderem:<\/p>\n\n\n\n<ul class=\"wp-block-list\">\n<li>praktische Feuerwehr\u00fcbungen (alters- und leistungsgerecht)<\/li>\n\n\n\n<li>Grundlagen der Feuerwehrtechnik und der Ersten Hilfe<\/li>\n\n\n\n<li>Teamarbeit, Verantwortung und Kameradschaft<\/li>\n\n\n\n<li>Teilnahme an Wettbewerben und gemeinsamen Veranstaltungen<\/li>\n<\/ul>\n\n\n\n<p>Spiele, Sport und gemeinsame Aktivit\u00e4ten kommen dabei selbstverst\u00e4ndlich nicht zu kurz.<\/p>\n\n\n\n<figure class=\"wp-block-image aligncenter size-large is-resized\"><img loading=\"lazy\" decoding=\"async\" width=\"1024\" height=\"768\" src=\"http:\/\/www.feuerwehr-poppenhausen.de\/wp-content\/uploads\/2026\/02\/IMG_1630-1024x768.jpg\" alt=\"\" class=\"wp-image-391\" style=\"width:440px;height:auto\" srcset=\"https:\/\/www.feuerwehr-poppenhausen.de\/wp-content\/uploads\/2026\/02\/IMG_1630-1024x768.jpg 1024w, https:\/\/www.feuerwehr-poppenhausen.de\/wp-content\/uploads\/2026\/02\/IMG_1630-300x225.jpg 300w, https:\/\/www.feuerwehr-poppenhausen.de\/wp-content\/uploads\/2026\/02\/IMG_1630-768x576.jpg 768w, https:\/\/www.feuerwehr-poppenhausen.de\/wp-content\/uploads\/2026\/02\/IMG_1630-1536x1152.jpg 1536w, https:\/\/www.feuerwehr-poppenhausen.de\/wp-content\/uploads\/2026\/02\/IMG_1630-2048x1536.jpg 2048w\" sizes=\"auto, (max-width: 1024px) 100vw, 1024px\" \/><figcaption class=\"wp-element-caption\">Aufbau Hutzelfeuer<\/figcaption><\/figure>\n\n\n\n<p><strong>Informationen f\u00fcr Eltern<\/strong><\/p>\n\n\n\n<p><em>Wer kann mitmachen?<\/em><br>Kinder und Jugendliche ab dem entsprechenden Mindestalter (gem\u00e4\u00df Feuerwehrsatzung) sind herzlich willkommen.<\/p>\n\n\n\n<p><em>Versicherungsschutz<\/em><br>Alle Mitglieder der Jugendfeuerwehr sind \u00fcber die gesetzliche Unfallversicherung hinaus zus\u00e4tzlich unfallversichert.<\/p>\n\n\n\n<p><em>Kosten<\/em><br>Die Mitgliedschaft in der Jugendfeuerwehr ist grunds\u00e4tzlich kostenfrei.<br>Die erforderliche Bekleidung f\u00fcr den Dienst wird gestellt. Lediglich festes Schuhwerk (z. B. Stiefel oder kn\u00f6chelhohe Schuhe) ist selbst mitzubringen.<br>Bei besonderen Veranstaltungen wie Zeltlagern kann ein geringer Kostenbeitrag anfallen.<\/p>\n\n\n\n<p>Mitgliedsantrag Jugendfeuerwehr: <a href=\"http:\/\/www.feuerwehr-poppenhausen.de\/wp-content\/uploads\/2026\/01\/jf_mitgliedsantrag.pdf\" data-type=\"attachment\" data-id=\"134\">Download<\/a><\/p>\n\n\n\n<figure class=\"wp-block-gallery has-nested-images columns-default is-cropped wp-block-gallery-2 is-layout-flex wp-block-gallery-is-layout-flex\">\n<figure class=\"wp-block-image size-large\"><img loading=\"lazy\" decoding=\"async\" width=\"555\" height=\"314\" data-id=\"187\" src=\"http:\/\/www.feuerwehr-poppenhausen.de\/wp-content\/uploads\/2026\/01\/jf6.png\" alt=\"\" class=\"wp-image-187\" srcset=\"https:\/\/www.feuerwehr-poppenhausen.de\/wp-content\/uploads\/2026\/01\/jf6.png 555w, https:\/\/www.feuerwehr-poppenhausen.de\/wp-content\/uploads\/2026\/01\/jf6-300x170.png 300w\" sizes=\"auto, (max-width: 555px) 100vw, 555px\" \/><\/figure>\n\n\n\n<figure class=\"wp-block-image size-large\"><img loading=\"lazy\" decoding=\"async\" width=\"498\" height=\"373\" data-id=\"188\" src=\"http:\/\/www.feuerwehr-poppenhausen.de\/wp-content\/uploads\/2026\/01\/jf7.jpg\" alt=\"\" class=\"wp-image-188\" srcset=\"https:\/\/www.feuerwehr-poppenhausen.de\/wp-content\/uploads\/2026\/01\/jf7.jpg 498w, https:\/\/www.feuerwehr-poppenhausen.de\/wp-content\/uploads\/2026\/01\/jf7-300x225.jpg 300w\" sizes=\"auto, (max-width: 498px) 100vw, 498px\" \/><\/figure>\n\n\n\n<figure class=\"wp-block-image size-large\"><img loading=\"lazy\" decoding=\"async\" width=\"768\" height=\"576\" data-id=\"189\" src=\"http:\/\/www.feuerwehr-poppenhausen.de\/wp-content\/uploads\/2026\/01\/jf8.jpg\" alt=\"\" class=\"wp-image-189\" srcset=\"https:\/\/www.feuerwehr-poppenhausen.de\/wp-content\/uploads\/2026\/01\/jf8.jpg 768w, https:\/\/www.feuerwehr-poppenhausen.de\/wp-content\/uploads\/2026\/01\/jf8-300x225.jpg 300w\" sizes=\"auto, (max-width: 768px) 100vw, 768px\" \/><\/figure>\n\n\n\n<figure class=\"wp-block-image size-large\"><img loading=\"lazy\" decoding=\"async\" width=\"225\" height=\"300\" data-id=\"190\" src=\"http:\/\/www.feuerwehr-poppenhausen.de\/wp-content\/uploads\/2026\/01\/jf9.jpg\" alt=\"\" class=\"wp-image-190\"\/><\/figure>\n\n\n\n<figure class=\"wp-block-image size-large\"><img loading=\"lazy\" decoding=\"async\" width=\"225\" height=\"300\" data-id=\"191\" src=\"http:\/\/www.feuerwehr-poppenhausen.de\/wp-content\/uploads\/2026\/01\/jf10.jpg\" alt=\"\" class=\"wp-image-191\"\/><\/figure>\n<\/figure>\n\n\n\n<p><strong>Was erwarten wir von den Jugendlichen?<\/strong><\/p>\n\n\n\n<ul class=\"wp-block-list\">\n<li>Interesse und Lernbereitschaft<\/li>\n\n\n\n<li>Zuverl\u00e4ssigkeit<\/li>\n\n\n\n<li>Teamf\u00e4higkeit und respektvollen Umgang miteinander<\/li>\n<\/ul>\n\n\n\n<p><strong>Betreuung und Sicherheit<\/strong><\/p>\n\n\n\n<p>Die Ausbildung erfolgt durch speziell geschulte Betreuerinnen und Betreuer, die selbst aktive Mitglieder der Einsatzabteilung sind und regelm\u00e4\u00dfig fortgebildet werden.<\/p>\n\n\n\n<p>Der Schutz und das Wohl der Kinder und Jugendlichen haben f\u00fcr uns oberste Priorit\u00e4t.<br>Alle in der Jugendarbeit t\u00e4tigen Mitglieder sind sich ihrer besonderen Verantwortung bewusst und haben entsprechende Verpflichtungserkl\u00e4rungen zum Schutz vor Vernachl\u00e4ssigung, Misshandlung, Diskriminierung und Gewalt abgegeben.<\/p>\n\n\n\n<p>Ehrenerkl\u00e4rung: <a href=\"http:\/\/www.feuerwehr-poppenhausen.de\/wp-content\/uploads\/2026\/01\/ehrenerklaerung.pdf\" data-type=\"attachment\" data-id=\"123\">Download<\/a><\/p>\n\n\n\n<p><strong>Unser Wunsch an die Eltern<\/strong><\/p>\n\n\n\n<p>Unterst\u00fctzen Sie die Arbeit unserer Jugendfeuerwehr gerne als f\u00f6rderndes Mitglied im Feuerwehrverein.<br>Mit einem Jahresbeitrag von 10,00 \u20ac leisten Sie einen wertvollen Beitrag zur Jugendarbeit und zur F\u00f6rderung der Freiwilligen Feuerwehr Poppenhausen.<\/p>\n\n\n\n<p>Mitgliedsantrag Verein: <a href=\"http:\/\/www.feuerwehr-poppenhausen.de\/wp-content\/uploads\/2026\/01\/jf_mitgliedsantrag_eltern.pdf\" data-type=\"attachment\" data-id=\"135\">Download<\/a><\/p>\n\n\n\n<p><em>Wir sind \u00fcberzeugt: Ihr Kind findet bei uns Gemeinschaft, sinnvolle Aufgaben und ein St\u00fcck Zuhause.<\/em><\/p>\n\n\n\n<p><\/p>\n","protected":false},"excerpt":{"rendered":"<p>Die Jugendfeuerwehr ist ein wichtiger Bestandteil der Freiwilligen Feuerwehr Poppenhausen und bildet seit vielen Jahren den Nachwuchs f\u00fcr unsere Einsatzabteilung aus.Sie verbindet sinnvolle Freizeitgestaltung mit Teamgeist, Verantwortung und dem Erlernen grundlegender feuerwehr-technischer F\u00e4higkeiten. Unsere Jugendfeuerwehr besteht seit 1974. Seitdem werden Kinder und Jugendliche kontinuierlich an die Aufgaben der Feuerwehr herangef\u00fchrt \u2013 altersgerecht, sicher und mit [&hellip;]<\/p>\n","protected":false},"author":1,"featured_media":0,"parent":0,"menu_order":0,"comment_status":"closed","ping_status":"closed","template":"","meta":{"footnotes":""},"class_list":["post-29","page","type-page","status-publish","hentry"],"_links":{"self":[{"href":"https:\/\/www.feuerwehr-poppenhausen.de\/index.php\/wp-json\/wp\/v2\/pages\/29","targetHints":{"allow":["GET"]}}],"collection":[{"href":"https:\/\/www.feuerwehr-poppenhausen.de\/index.php\/wp-json\/wp\/v2\/pages"}],"about":[{"href":"https:\/\/www.feuerwehr-poppenhausen.de\/index.php\/wp-json\/wp\/v2\/types\/page"}],"author":[{"embeddable":true,"href":"https:\/\/www.feuerwehr-poppenhausen.de\/index.php\/wp-json\/wp\/v2\/users\/1"}],"replies":[{"embeddable":true,"href":"https:\/\/www.feuerwehr-poppenhausen.de\/index.php\/wp-json\/wp\/v2\/comments?post=29"}],"version-history":[{"count":7,"href":"https:\/\/www.feuerwehr-poppenhausen.de\/index.php\/wp-json\/wp\/v2\/pages\/29\/revisions"}],"predecessor-version":[{"id":529,"href":"https:\/\/www.feuerwehr-poppenhausen.de\/index.php\/wp-json\/wp\/v2\/pages\/29\/revisions\/529"}],"wp:attachment":[{"href":"https:\/\/www.feuerwehr-poppenhausen.de\/index.php\/wp-json\/wp\/v2\/media?parent=29"}],"curies":[{"name":"wp","href":"https:\/\/api.w.org\/{rel}","templated":true}]}}