{"id":33,"date":"2025-12-31T15:08:41","date_gmt":"2025-12-31T14:08:41","guid":{"rendered":"http:\/\/wp1185628.server-he.de\/?page_id=33"},"modified":"2026-04-04T22:15:48","modified_gmt":"2026-04-04T20:15:48","slug":"mannschaft","status":"publish","type":"page","link":"https:\/\/www.feuerwehr-poppenhausen.de\/index.php\/mannschaft\/","title":{"rendered":"Mannschaft"},"content":{"rendered":"\n<p>Mitglieder der Einsatzabteilung (Stand: Januar 2026)<\/p>\n\n\n\n<figure class=\"wp-block-table\"><table class=\"has-fixed-layout\"><tbody><tr><td class=\"has-text-align-left\" data-align=\"left\"><strong>Nachname, Vorname<\/strong><\/td><td><strong>Funktion<\/strong><\/td><\/tr><tr><td class=\"has-text-align-left\" data-align=\"left\">Bickert, Philipp<\/td><td><\/td><\/tr><tr><td class=\"has-text-align-left\" data-align=\"left\">Dollheimer, Daniel<\/td><td><\/td><\/tr><tr><td class=\"has-text-align-left\" data-align=\"left\">Erb, Erik<\/td><td>1. stellv. Wehrf\u00fchrer<\/td><\/tr><tr><td class=\"has-text-align-left\" data-align=\"left\">Erb, Marcel<\/td><td>Ger\u00e4tewart<\/td><\/tr><tr><td class=\"has-text-align-left\" data-align=\"left\">Erb-Ganseforth, Jana<\/td><td>1. Vorsitzende, stellv. Jugendfeuerwehrwartin<\/td><\/tr><tr><td class=\"has-text-align-left\" data-align=\"left\">Faulstich, Andreas<\/td><td><\/td><\/tr><tr><td class=\"has-text-align-left\" data-align=\"left\">Gr\u00f6sch, Leon<\/td><td><\/td><\/tr><tr><td class=\"has-text-align-left\" data-align=\"left\">G\u00f6ller, Ralf<\/td><td><\/td><\/tr><tr><td class=\"has-text-align-left\" data-align=\"left\">Heller, Leonard<\/td><td><\/td><\/tr><tr><td class=\"has-text-align-left\" data-align=\"left\">Heller, Markus<\/td><td><\/td><\/tr><tr><td class=\"has-text-align-left\" data-align=\"left\">Herget, Christoph<\/td><td><\/td><\/tr><tr><td class=\"has-text-align-left\" data-align=\"left\">Herget, Korbinian<\/td><td><\/td><\/tr><tr><td class=\"has-text-align-left\" data-align=\"left\">Klug, Nico<\/td><td>Kassenwart, stellv. Gruppenf\u00fchrer<\/td><\/tr><tr><td class=\"has-text-align-left\" data-align=\"left\">Kr\u00f6nung, Volker<\/td><td><\/td><\/tr><tr><td class=\"has-text-align-left\" data-align=\"left\">K\u00fcmmel, Benjamin<\/td><td><\/td><\/tr><tr><td class=\"has-text-align-left\" data-align=\"left\">Link, Dietmar<\/td><td>Gemeindebrandinspektor<\/td><\/tr><tr><td class=\"has-text-align-left\" data-align=\"left\">Lotz, Maik<\/td><td>stellv. Gemeindebrandinspektor<\/td><\/tr><tr><td class=\"has-text-align-left\" data-align=\"left\">Molter, Thomas<\/td><td>stellv. Leiter Kinderfeuerwehr<\/td><\/tr><tr><td class=\"has-text-align-left\" data-align=\"left\">M\u00fcller, Philipp<\/td><td>Gruppenf\u00fchrer<\/td><\/tr><tr><td class=\"has-text-align-left\" data-align=\"left\">M\u00fcller, Simeon<\/td><td><\/td><\/tr><tr><td class=\"has-text-align-left\" data-align=\"left\">M\u00fcller, Thomas<\/td><td>gem. Ger\u00e4tewart<\/td><\/tr><tr><td class=\"has-text-align-left\" data-align=\"left\">N\u00fcdling, Moritz<\/td><td>2. <\/td><\/tr><tr><td class=\"has-text-align-left\" data-align=\"left\">Ohm, Jorrit<\/td><td>Jugendfeuerwehrwart<\/td><\/tr><tr><td class=\"has-text-align-left\" data-align=\"left\">Quell, Lars<\/td><td><\/td><\/tr><tr><td class=\"has-text-align-left\" data-align=\"left\">Quell, Nick<\/td><td>Schriftf\u00fchrer, 2. stellv. Wehrf\u00fchrer<\/td><\/tr><tr><td class=\"has-text-align-left\" data-align=\"left\">Rasner, Jens<\/td><td><\/td><\/tr><tr><td class=\"has-text-align-left\" data-align=\"left\">Rehm, Lukas<\/td><td><\/td><\/tr><tr><td class=\"has-text-align-left\" data-align=\"left\">R\u00fcbsam, Ralf<\/td><td>Wehrf\u00fchrer, Leiter Atemschutz<\/td><\/tr><tr><td class=\"has-text-align-left\" data-align=\"left\">Scheuthle, Sebastian<\/td><td><\/td><\/tr><tr><td class=\"has-text-align-left\" data-align=\"left\">Schmitt, Andreas<\/td><td><\/td><\/tr><tr><td class=\"has-text-align-left\" data-align=\"left\">Schmitt, Torsten<\/td><td><\/td><\/tr><tr><td class=\"has-text-align-left\" data-align=\"left\">Semisch, Kilian<\/td><td><\/td><\/tr><tr><td class=\"has-text-align-left\" data-align=\"left\">Th\u00fcrmer, Markus<\/td><td>Leiter Kinderfeuerwehr<\/td><\/tr><tr><td class=\"has-text-align-left\" data-align=\"left\">Vey, Lukas<\/td><td><\/td><\/tr><tr><td class=\"has-text-align-left\" data-align=\"left\">Vey, Stefan<\/td><td><\/td><\/tr><tr><td class=\"has-text-align-left\" data-align=\"left\">Wagner, Carsten<\/td><td><\/td><\/tr><\/tbody><\/table><\/figure>\n\n\n\n<p><\/p>\n","protected":false},"excerpt":{"rendered":"<p>Mitglieder der Einsatzabteilung (Stand: Januar 2026) Nachname, Vorname Funktion Bickert, Philipp Dollheimer, Daniel Erb, Erik 1. stellv. Wehrf\u00fchrer Erb, Marcel Ger\u00e4tewart Erb-Ganseforth, Jana 1. Vorsitzende, stellv. Jugendfeuerwehrwartin Faulstich, Andreas Gr\u00f6sch, Leon G\u00f6ller, Ralf Heller, Leonard Heller, Markus Herget, Christoph Herget, Korbinian Klug, Nico Kassenwart, stellv. Gruppenf\u00fchrer Kr\u00f6nung, Volker K\u00fcmmel, Benjamin Link, Dietmar Gemeindebrandinspektor Lotz, Maik [&hellip;]<\/p>\n","protected":false},"author":1,"featured_media":0,"parent":0,"menu_order":0,"comment_status":"closed","ping_status":"closed","template":"","meta":{"footnotes":""},"class_list":["post-33","page","type-page","status-publish","hentry"],"_links":{"self":[{"href":"https:\/\/www.feuerwehr-poppenhausen.de\/index.php\/wp-json\/wp\/v2\/pages\/33","targetHints":{"allow":["GET"]}}],"collection":[{"href":"https:\/\/www.feuerwehr-poppenhausen.de\/index.php\/wp-json\/wp\/v2\/pages"}],"about":[{"href":"https:\/\/www.feuerwehr-poppenhausen.de\/index.php\/wp-json\/wp\/v2\/types\/page"}],"author":[{"embeddable":true,"href":"https:\/\/www.feuerwehr-poppenhausen.de\/index.php\/wp-json\/wp\/v2\/users\/1"}],"replies":[{"embeddable":true,"href":"https:\/\/www.feuerwehr-poppenhausen.de\/index.php\/wp-json\/wp\/v2\/comments?post=33"}],"version-history":[{"count":6,"href":"https:\/\/www.feuerwehr-poppenhausen.de\/index.php\/wp-json\/wp\/v2\/pages\/33\/revisions"}],"predecessor-version":[{"id":636,"href":"https:\/\/www.feuerwehr-poppenhausen.de\/index.php\/wp-json\/wp\/v2\/pages\/33\/revisions\/636"}],"wp:attachment":[{"href":"https:\/\/www.feuerwehr-poppenhausen.de\/index.php\/wp-json\/wp\/v2\/media?parent=33"}],"curies":[{"name":"wp","href":"https:\/\/api.w.org\/{rel}","templated":true}]}}