{"id":45,"date":"2025-12-31T12:20:48","date_gmt":"2025-12-31T11:20:48","guid":{"rendered":"http:\/\/wp1185628.server-he.de\/?page_id=45"},"modified":"2026-01-04T10:52:49","modified_gmt":"2026-01-04T09:52:49","slug":"impressum","status":"publish","type":"page","link":"https:\/\/www.feuerwehr-poppenhausen.de\/index.php\/impressum\/","title":{"rendered":"Impressum"},"content":{"rendered":"\n<p><strong>Angaben gem\u00e4\u00df \u00a7 5 TMG<\/strong><\/p>\n\n\n\n<p>Freiwillige Feuerwehr Poppenhausen (Wasserkuppe) e. V.<br>Schulstra\u00dfe 4<br>36163 Poppenhausen (Wasserkuppe)<br>Deutschland<\/p>\n\n\n\n<p><strong>Vertreten durch<\/strong><\/p>\n\n\n\n<p>Jens Rasner<br>(1. Vorsitzender)<\/p>\n\n\n\n<p><strong>Vereinsregister<\/strong><\/p>\n\n\n\n<p>Eingetragen im Vereinsregister<br>Registergericht: Amtsgericht Fulda<br>Registernummer: VR 1561<\/p>\n\n\n\n<p><strong>Verantwortlich f\u00fcr den Inhalt gem\u00e4\u00df \u00a7 18 Abs. 2 MStV<\/strong><\/p>\n\n\n\n<p>Freiwillige Feuerwehr Poppenhausen (Wasserkuppe) e. V.<br>Schulstra\u00dfe 4<br>36163 Poppenhausen (Wasserkuppe)<\/p>\n\n\n\n<p><strong>Kontakt<\/strong><\/p>\n\n\n\n<p>Die Kontaktaufnahme erfolgt \u00fcber die separate Kontaktseite dieser Website.<br>(\u00a7 5 Abs. 1 Nr. 2 TMG)<\/p>\n\n\n\n<p><strong>Haftung f\u00fcr Inhalte<\/strong><\/p>\n\n\n\n<p>Als Diensteanbieter sind wir gem\u00e4\u00df \u00a7 7 Abs. 1 TMG f\u00fcr eigene Inhalte auf diesen Seiten nach den allgemeinen Gesetzen verantwortlich.<br>Nach \u00a7\u00a7 8 bis 10 TMG sind wir jedoch nicht verpflichtet, \u00fcbermittelte oder gespeicherte fremde Informationen zu \u00fcberwachen oder nach Umst\u00e4nden zu forschen, die auf eine rechtswidrige T\u00e4tigkeit hinweisen.<\/p>\n\n\n\n<p>Verpflichtungen zur Entfernung oder Sperrung der Nutzung von Informationen nach den allgemeinen Gesetzen bleiben hiervon unber\u00fchrt.<br>Eine Haftung ist erst ab dem Zeitpunkt der Kenntnis einer konkreten Rechtsverletzung m\u00f6glich.<br>Bei Bekanntwerden von entsprechenden Rechtsverletzungen werden wir diese Inhalte umgehend entfernen.<\/p>\n\n\n\n<p><strong>Haftung f\u00fcr Links<\/strong><\/p>\n\n\n\n<p>Unsere Website enth\u00e4lt Links zu externen Websites Dritter, auf deren Inhalte wir keinen Einfluss haben.<br>F\u00fcr diese fremden Inhalte \u00fcbernehmen wir daher keine Gew\u00e4hr.<br>F\u00fcr die Inhalte der verlinkten Seiten ist stets der jeweilige Anbieter oder Betreiber verantwortlich.<\/p>\n\n\n\n<p>Die verlinkten Seiten wurden zum Zeitpunkt der Verlinkung auf m\u00f6gliche Rechtsverst\u00f6\u00dfe \u00fcberpr\u00fcft.<br>Rechtswidrige Inhalte waren zu diesem Zeitpunkt nicht erkennbar.<br>Eine permanente inhaltliche Kontrolle der verlinkten Seiten ist ohne konkrete Anhaltspunkte einer Rechtsverletzung nicht zumutbar.<br>Bei Bekanntwerden von Rechtsverletzungen werden wir derartige Links umgehend entfernen.<\/p>\n\n\n\n<p><strong>Urheberrecht<\/strong><\/p>\n\n\n\n<p>Die durch die Seitenbetreiber erstellten Inhalte und Werke auf dieser Website unterliegen dem deutschen Urheberrecht.<br>Die Vervielf\u00e4ltigung, Bearbeitung, Verbreitung und jede Art der Verwertung au\u00dferhalb der Grenzen des Urheberrechts bed\u00fcrfen der vorherigen schriftlichen Zustimmung des jeweiligen Autors bzw. Erstellers.<\/p>\n\n\n\n<p>Downloads und Kopien dieser Seite sind nur f\u00fcr den privaten, nicht kommerziellen Gebrauch gestattet.<br>Soweit Inhalte auf dieser Website nicht vom Betreiber erstellt wurden, werden die Urheberrechte Dritter beachtet und entsprechende Inhalte gekennzeichnet.<br>Sollten Sie dennoch auf eine Urheberrechtsverletzung aufmerksam werden, bitten wir um einen entsprechenden Hinweis.<br>Bei Bekanntwerden von Rechtsverletzungen werden wir derartige Inhalte umgehend entfernen.<\/p>\n\n\n\n<p><strong>Datenschutz<\/strong><\/p>\n\n\n\n<p>Informationen zum Datenschutz finden Sie in der separaten Datenschutzerkl\u00e4rung auf dieser Website.<\/p>\n","protected":false},"excerpt":{"rendered":"<p>Angaben gem\u00e4\u00df \u00a7 5 TMG Freiwillige Feuerwehr Poppenhausen (Wasserkuppe) e. V.Schulstra\u00dfe 436163 Poppenhausen (Wasserkuppe)Deutschland Vertreten durch Jens Rasner(1. Vorsitzender) Vereinsregister Eingetragen im VereinsregisterRegistergericht: Amtsgericht FuldaRegisternummer: VR 1561 Verantwortlich f\u00fcr den Inhalt gem\u00e4\u00df \u00a7 18 Abs. 2 MStV Freiwillige Feuerwehr Poppenhausen (Wasserkuppe) e. V.Schulstra\u00dfe 436163 Poppenhausen (Wasserkuppe) Kontakt Die Kontaktaufnahme erfolgt \u00fcber die separate Kontaktseite dieser [&hellip;]<\/p>\n","protected":false},"author":1,"featured_media":0,"parent":0,"menu_order":0,"comment_status":"closed","ping_status":"closed","template":"","meta":{"footnotes":""},"class_list":["post-45","page","type-page","status-publish","hentry"],"_links":{"self":[{"href":"https:\/\/www.feuerwehr-poppenhausen.de\/index.php\/wp-json\/wp\/v2\/pages\/45","targetHints":{"allow":["GET"]}}],"collection":[{"href":"https:\/\/www.feuerwehr-poppenhausen.de\/index.php\/wp-json\/wp\/v2\/pages"}],"about":[{"href":"https:\/\/www.feuerwehr-poppenhausen.de\/index.php\/wp-json\/wp\/v2\/types\/page"}],"author":[{"embeddable":true,"href":"https:\/\/www.feuerwehr-poppenhausen.de\/index.php\/wp-json\/wp\/v2\/users\/1"}],"replies":[{"embeddable":true,"href":"https:\/\/www.feuerwehr-poppenhausen.de\/index.php\/wp-json\/wp\/v2\/comments?post=45"}],"version-history":[{"count":2,"href":"https:\/\/www.feuerwehr-poppenhausen.de\/index.php\/wp-json\/wp\/v2\/pages\/45\/revisions"}],"predecessor-version":[{"id":103,"href":"https:\/\/www.feuerwehr-poppenhausen.de\/index.php\/wp-json\/wp\/v2\/pages\/45\/revisions\/103"}],"wp:attachment":[{"href":"https:\/\/www.feuerwehr-poppenhausen.de\/index.php\/wp-json\/wp\/v2\/media?parent=45"}],"curies":[{"name":"wp","href":"https:\/\/api.w.org\/{rel}","templated":true}]}}