{"id":51,"date":"2025-12-31T15:10:10","date_gmt":"2025-12-31T14:10:10","guid":{"rendered":"http:\/\/wp1185628.server-he.de\/?page_id=51"},"modified":"2026-02-28T22:06:44","modified_gmt":"2026-02-28T21:06:44","slug":"brandschutzerziehung","status":"publish","type":"page","link":"https:\/\/www.feuerwehr-poppenhausen.de\/index.php\/brandschutzerziehung\/","title":{"rendered":"Brandschutzerziehung"},"content":{"rendered":"\n<p>Bereits die kleinsten Mitb\u00fcrgerinnen und Mitb\u00fcrger werden bei uns spielerisch an das Thema Brandschutz herangef\u00fchrt.<\/p>\n\n\n\n<p>Der gemeindlich benannte Brandschutzerzieher besucht gemeinsam mit Kameradinnen und Kameraden aus der Einsatzabteilung regelm\u00e4\u00dfig die Kindertagesst\u00e4tten und die Grundschule. Dabei lernen die Kinder:<\/p>\n\n\n\n<ul class=\"wp-block-list\">\n<li>das richtige Verhalten im Notfall<\/li>\n\n\n\n<li>wie man einen Notruf absetzt<\/li>\n\n\n\n<li>die Aufgaben und das Vorgehen der Feuerwehr<\/li>\n<\/ul>\n\n\n\n<figure class=\"wp-block-gallery has-nested-images columns-default is-cropped wp-block-gallery-1 is-layout-flex wp-block-gallery-is-layout-flex\">\n<figure class=\"wp-block-image size-large is-resized\"><img loading=\"lazy\" decoding=\"async\" width=\"1024\" height=\"680\" data-id=\"491\" src=\"http:\/\/www.feuerwehr-poppenhausen.de\/wp-content\/uploads\/2026\/02\/DSC_5838-1024x680.jpg\" alt=\"\" class=\"wp-image-491\" style=\"width:470px;height:auto\" srcset=\"https:\/\/www.feuerwehr-poppenhausen.de\/wp-content\/uploads\/2026\/02\/DSC_5838-1024x680.jpg 1024w, https:\/\/www.feuerwehr-poppenhausen.de\/wp-content\/uploads\/2026\/02\/DSC_5838-300x199.jpg 300w, https:\/\/www.feuerwehr-poppenhausen.de\/wp-content\/uploads\/2026\/02\/DSC_5838-768x510.jpg 768w, https:\/\/www.feuerwehr-poppenhausen.de\/wp-content\/uploads\/2026\/02\/DSC_5838-1536x1020.jpg 1536w, https:\/\/www.feuerwehr-poppenhausen.de\/wp-content\/uploads\/2026\/02\/DSC_5838-2048x1360.jpg 2048w\" sizes=\"auto, (max-width: 1024px) 100vw, 1024px\" \/><\/figure>\n\n\n\n<figure class=\"wp-block-image size-large is-resized\"><img loading=\"lazy\" decoding=\"async\" width=\"1024\" height=\"680\" data-id=\"492\" src=\"http:\/\/www.feuerwehr-poppenhausen.de\/wp-content\/uploads\/2026\/02\/DSC_5855-1024x680.jpg\" alt=\"\" class=\"wp-image-492\" style=\"width:449px;height:auto\" srcset=\"https:\/\/www.feuerwehr-poppenhausen.de\/wp-content\/uploads\/2026\/02\/DSC_5855-1024x680.jpg 1024w, https:\/\/www.feuerwehr-poppenhausen.de\/wp-content\/uploads\/2026\/02\/DSC_5855-300x199.jpg 300w, https:\/\/www.feuerwehr-poppenhausen.de\/wp-content\/uploads\/2026\/02\/DSC_5855-768x510.jpg 768w, https:\/\/www.feuerwehr-poppenhausen.de\/wp-content\/uploads\/2026\/02\/DSC_5855-1536x1020.jpg 1536w, https:\/\/www.feuerwehr-poppenhausen.de\/wp-content\/uploads\/2026\/02\/DSC_5855-2048x1360.jpg 2048w\" sizes=\"auto, (max-width: 1024px) 100vw, 1024px\" \/><\/figure>\n<\/figure>\n\n\n\n<p>Mit viel \u201eFeuereifer\u201c sind die Kinder stets motiviert dabei.<\/p>\n\n\n\n<figure class=\"wp-block-gallery has-nested-images columns-default is-cropped wp-block-gallery-2 is-layout-flex wp-block-gallery-is-layout-flex\">\n<figure class=\"wp-block-image size-large\"><img loading=\"lazy\" decoding=\"async\" width=\"300\" height=\"246\" data-id=\"169\" src=\"http:\/\/www.feuerwehr-poppenhausen.de\/wp-content\/uploads\/2026\/01\/be1.jpg\" alt=\"\" class=\"wp-image-169\"\/><\/figure>\n\n\n\n<figure class=\"wp-block-image size-large is-resized\"><img loading=\"lazy\" decoding=\"async\" width=\"1024\" height=\"768\" data-id=\"498\" src=\"http:\/\/www.feuerwehr-poppenhausen.de\/wp-content\/uploads\/2026\/02\/PICT0845-1024x768.jpg\" alt=\"\" class=\"wp-image-498\" style=\"width:316px;height:auto\" srcset=\"https:\/\/www.feuerwehr-poppenhausen.de\/wp-content\/uploads\/2026\/02\/PICT0845-1024x768.jpg 1024w, https:\/\/www.feuerwehr-poppenhausen.de\/wp-content\/uploads\/2026\/02\/PICT0845-300x225.jpg 300w, https:\/\/www.feuerwehr-poppenhausen.de\/wp-content\/uploads\/2026\/02\/PICT0845-768x576.jpg 768w, https:\/\/www.feuerwehr-poppenhausen.de\/wp-content\/uploads\/2026\/02\/PICT0845-1536x1152.jpg 1536w, https:\/\/www.feuerwehr-poppenhausen.de\/wp-content\/uploads\/2026\/02\/PICT0845-2048x1536.jpg 2048w\" sizes=\"auto, (max-width: 1024px) 100vw, 1024px\" \/><\/figure>\n<\/figure>\n\n\n\n<p><strong>Unser Beitrag zur Sicherheit<\/strong><\/p>\n\n\n\n<p>Durch die Brandschutzerziehung m\u00f6chten wir die Sicherheit in unserer Gemeinde nachhaltig f\u00f6rdern. Gleichzeitig besteht die Chance, dass der eine oder andere Nachwuchs sp\u00e4ter den Weg in die Jugendfeuerwehr oder die Einsatzabteilung findet.<\/p>\n\n\n\n<p>Die Qualit\u00e4t und Nachhaltigkeit der Vermittlung zeigt sich auch darin, dass die Besuche von den Kindern gut verinnerlicht werden. Erg\u00e4nzt werden diese Aktionen durch Besuche der Polizei, wodurch ein ganzheitlicher Sicherheitsansatz vermittelt wird.<\/p>\n\n\n\n<p><strong>Medienbeitrag<\/strong><\/p>\n\n\n\n<p>Ein Beispiel f\u00fcr den Erfolg unserer Brandschutzerziehung finden Sie in folgendem Beitrag der Fuldaer Zeitung:<\/p>\n\n\n\n<figure class=\"wp-block-image size-large is-resized\"><img loading=\"lazy\" decoding=\"async\" width=\"243\" height=\"1024\" src=\"http:\/\/www.feuerwehr-poppenhausen.de\/wp-content\/uploads\/2026\/01\/be2-243x1024.jpg\" alt=\"\" class=\"wp-image-170\" style=\"width:231px;height:auto\" srcset=\"https:\/\/www.feuerwehr-poppenhausen.de\/wp-content\/uploads\/2026\/01\/be2-243x1024.jpg 243w, https:\/\/www.feuerwehr-poppenhausen.de\/wp-content\/uploads\/2026\/01\/be2-71x300.jpg 71w, https:\/\/www.feuerwehr-poppenhausen.de\/wp-content\/uploads\/2026\/01\/be2.jpg 250w\" sizes=\"auto, (max-width: 243px) 100vw, 243px\" \/><\/figure>\n","protected":false},"excerpt":{"rendered":"<p>Bereits die kleinsten Mitb\u00fcrgerinnen und Mitb\u00fcrger werden bei uns spielerisch an das Thema Brandschutz herangef\u00fchrt. Der gemeindlich benannte Brandschutzerzieher besucht gemeinsam mit Kameradinnen und Kameraden aus der Einsatzabteilung regelm\u00e4\u00dfig die Kindertagesst\u00e4tten und die Grundschule. Dabei lernen die Kinder: Mit viel \u201eFeuereifer\u201c sind die Kinder stets motiviert dabei. Unser Beitrag zur Sicherheit Durch die Brandschutzerziehung m\u00f6chten [&hellip;]<\/p>\n","protected":false},"author":1,"featured_media":0,"parent":0,"menu_order":0,"comment_status":"closed","ping_status":"closed","template":"","meta":{"footnotes":""},"class_list":["post-51","page","type-page","status-publish","hentry"],"_links":{"self":[{"href":"https:\/\/www.feuerwehr-poppenhausen.de\/index.php\/wp-json\/wp\/v2\/pages\/51","targetHints":{"allow":["GET"]}}],"collection":[{"href":"https:\/\/www.feuerwehr-poppenhausen.de\/index.php\/wp-json\/wp\/v2\/pages"}],"about":[{"href":"https:\/\/www.feuerwehr-poppenhausen.de\/index.php\/wp-json\/wp\/v2\/types\/page"}],"author":[{"embeddable":true,"href":"https:\/\/www.feuerwehr-poppenhausen.de\/index.php\/wp-json\/wp\/v2\/users\/1"}],"replies":[{"embeddable":true,"href":"https:\/\/www.feuerwehr-poppenhausen.de\/index.php\/wp-json\/wp\/v2\/comments?post=51"}],"version-history":[{"count":6,"href":"https:\/\/www.feuerwehr-poppenhausen.de\/index.php\/wp-json\/wp\/v2\/pages\/51\/revisions"}],"predecessor-version":[{"id":606,"href":"https:\/\/www.feuerwehr-poppenhausen.de\/index.php\/wp-json\/wp\/v2\/pages\/51\/revisions\/606"}],"wp:attachment":[{"href":"https:\/\/www.feuerwehr-poppenhausen.de\/index.php\/wp-json\/wp\/v2\/media?parent=51"}],"curies":[{"name":"wp","href":"https:\/\/api.w.org\/{rel}","templated":true}]}}